{"id":7007,"date":"2025-03-28T14:02:01","date_gmt":"2025-03-28T12:02:01","guid":{"rendered":"https:\/\/holidayinlapland.fi\/yllas\/"},"modified":"2025-07-25T14:07:17","modified_gmt":"2025-07-25T11:07:17","slug":"yllas","status":"publish","type":"page","link":"https:\/\/holidayinlapland.fi\/en\/yllas\/","title":{"rendered":"Yll\u00e4s"},"content":{"rendered":"<div class=\"gb-container gb-container-630b64a7 alignfull color-section\">\n<div class=\"gb-container gb-container-fd853a9d\">\n\n<h2 class=\"gb-headline gb-headline-d0ef63f4 gb-headline-text max-width-768 chain-animated ca-0 ca-fadeInFromUp\" style=\"--animation-duration: 0.6s;\" data-animation-margin=\"0px 0px -100px 0px\">Explore Yll\u00e4s \u2013 Seven Scenic Fells and Two Vibrant Villages<\/h2>\n\n\n\n<p class=\"gb-headline gb-headline-9c1b0fe4 gb-headline-text larger-p max-width-768 excerpt chain-animated ca-1 ca-fadeInFromDown\" style=\"--animation-duration: 0.6s;\" data-animation-margin=\"0px 0px -100px 0px\">The highest of Yll\u00e4s&#8217; seven fells is Yll\u00e4stunturi, rising to an impressive 719 meters. It is surrounded by two charming villages, \u00c4k\u00e4slompolo and Yll\u00e4sj\u00e4rvi, both offering unforgettable experiences throughout the year!<\/p>\n\n<\/div>\n<\/div>\n\n<div class=\"gb-container gb-container-ec23859a color-section no-top-padding\">\n<div class=\"gb-container gb-container-59216d39 chain-animations\">\n\n<figure class=\"gb-block-image gb-block-image-8da46b27 chain-animated ca-1 ca-fadeInAndSmallScaleUp\" style=\"--animation-duration: 0.6s;\" data-animation-margin=\"0px 0px -100px 0px\"><img decoding=\"async\" width=\"768\" height=\"512\" class=\"gb-image gb-image-8da46b27 object-fit-img\" src=\"https:\/\/holidayinlapland.fi\/wp-content\/uploads\/2025\/07\/levi-fiilistelyt-leima-tammikuu-2022-156-768x512.jpg\" alt=\"\" title=\"Tunturi\" srcset=\"https:\/\/holidayinlapland.fi\/wp-content\/uploads\/2025\/07\/levi-fiilistelyt-leima-tammikuu-2022-156-768x512.jpg 768w, https:\/\/holidayinlapland.fi\/wp-content\/uploads\/2025\/07\/levi-fiilistelyt-leima-tammikuu-2022-156-600x400.jpg 600w, https:\/\/holidayinlapland.fi\/wp-content\/uploads\/2025\/07\/levi-fiilistelyt-leima-tammikuu-2022-156-300x200.jpg 300w, https:\/\/holidayinlapland.fi\/wp-content\/uploads\/2025\/07\/levi-fiilistelyt-leima-tammikuu-2022-156-1024x683.jpg 1024w, https:\/\/holidayinlapland.fi\/wp-content\/uploads\/2025\/07\/levi-fiilistelyt-leima-tammikuu-2022-156-1180x787.jpg 1180w, https:\/\/holidayinlapland.fi\/wp-content\/uploads\/2025\/07\/levi-fiilistelyt-leima-tammikuu-2022-156-590x393.jpg 590w, https:\/\/holidayinlapland.fi\/wp-content\/uploads\/2025\/07\/levi-fiilistelyt-leima-tammikuu-2022-156-395x263.jpg 395w, https:\/\/holidayinlapland.fi\/wp-content\/uploads\/2025\/07\/levi-fiilistelyt-leima-tammikuu-2022-156-113x75.jpg 113w, https:\/\/holidayinlapland.fi\/wp-content\/uploads\/2025\/07\/levi-fiilistelyt-leima-tammikuu-2022-156-375x250.jpg 375w, https:\/\/holidayinlapland.fi\/wp-content\/uploads\/2025\/07\/levi-fiilistelyt-leima-tammikuu-2022-156.jpg 1500w\" sizes=\"(max-width: 768px) 100vw, 768px\" \/><\/figure>\n\n<\/div>\n\n<div class=\"gb-container gb-container-f2e0ef40 chain-animations\">\n\n<figure class=\"gb-block-image gb-block-image-04a33dc8 chain-animated ca-0 ca-fadeInAndSmallScaleUp\" style=\"--animation-duration: 0.6s;\" data-animation-margin=\"0px 0px -100px 0px\"><img decoding=\"async\" width=\"768\" height=\"511\" class=\"gb-image gb-image-04a33dc8 object-fit-img\" src=\"https:\/\/holidayinlapland.fi\/wp-content\/uploads\/2025\/05\/shutterstock_2215572501-768x511.jpg\" alt=\"\" title=\"Tunturimaisema\" srcset=\"https:\/\/holidayinlapland.fi\/wp-content\/uploads\/2025\/05\/shutterstock_2215572501-768x511.jpg 768w, https:\/\/holidayinlapland.fi\/wp-content\/uploads\/2025\/05\/shutterstock_2215572501-600x400.jpg 600w, https:\/\/holidayinlapland.fi\/wp-content\/uploads\/2025\/05\/shutterstock_2215572501-300x200.jpg 300w, https:\/\/holidayinlapland.fi\/wp-content\/uploads\/2025\/05\/shutterstock_2215572501-1024x682.jpg 1024w, https:\/\/holidayinlapland.fi\/wp-content\/uploads\/2025\/05\/shutterstock_2215572501-1536x1023.jpg 1536w, https:\/\/holidayinlapland.fi\/wp-content\/uploads\/2025\/05\/shutterstock_2215572501-1180x786.jpg 1180w, https:\/\/holidayinlapland.fi\/wp-content\/uploads\/2025\/05\/shutterstock_2215572501-590x393.jpg 590w, https:\/\/holidayinlapland.fi\/wp-content\/uploads\/2025\/05\/shutterstock_2215572501-395x263.jpg 395w, https:\/\/holidayinlapland.fi\/wp-content\/uploads\/2025\/05\/shutterstock_2215572501-113x75.jpg 113w, https:\/\/holidayinlapland.fi\/wp-content\/uploads\/2025\/05\/shutterstock_2215572501-375x250.jpg 375w, https:\/\/holidayinlapland.fi\/wp-content\/uploads\/2025\/05\/shutterstock_2215572501.jpg 2000w\" sizes=\"(max-width: 768px) 100vw, 768px\" \/><\/figure>\n\n<\/div>\n<\/div>\n\n<div class=\"gb-container gb-container-1e790504\">\n<div class=\"gb-container gb-container-440624de alignfull color-section text-image-main-container\">\n<div class=\"gb-container gb-container-b44324d8 alignfull ti-wrapper\">\n<div class=\"gb-container gb-container-1201c2c0 animated fadeInUp slow  ti-text-container\">\n\n<h3 class=\"gb-headline gb-headline-6c015eee gb-headline-text\"><br>Fells &amp; Tranquility \u2013 Welcome to Yll\u00e4s<\/h3>\n\n\n\n<p>Yll\u00e4s is home to Finland\u2019s highest ski resort and offers by far the country\u2019s longest slopes. With 62 slopes, 26 lifts, and up to 53 kilometers of skiing, Yll\u00e4s is a true winter paradise.<\/p>\n\n\n\n<p>Ski across two resorts with a single ticket! Yll\u00e4s Ski Resort and Sport Resort Yll\u00e4s sit on opposite sides of the fell, offering seamless access to the entire mountain. Both sides provide excellent services for skiers and cross-country skiers alike, and the slope-side restaurants ensure there\u2019s something delicious for every taste and moment.<\/p>\n\n\n\n<p>Yll\u00e4s\u2019 services and trail networks are centered around two authentic Lappish villages: \u00c4k\u00e4slompolo and Yll\u00e4sj\u00e4rvi, located on opposite sides of Yll\u00e4stunturi. These villages offer a relaxed atmosphere, genuine hospitality, and year-round experiences. A scenic road connects the two through breathtaking fell landscapes.<\/p>\n\n\n\n<p>The seven fells of Yll\u00e4s create a setting for year-round adventure. Whether it\u2019s skiing, hiking, biking, or husky safaris, Yll\u00e4s offers activities and services in every season. Here, you can also breathe what has been measured as the world\u2019s cleanest air.<\/p>\n\n\n\n<p><\/p>\n\n\n\n<p><\/p>\n\n<\/div>\n\n<div class=\"gb-container gb-container-0d9382cd ti-image-container chain-animations\">\n<div class=\"gb-container gb-container-9c301789\">\n<div class=\"gb-container gb-container-9611df0b\">\n<div class=\"gb-container gb-container-34f1b78d\">\n<div class=\"gb-container gb-container-16187085\">\n\n<figure class=\"gb-block-image gb-block-image-f7ac3fe4 chain-animated ca-1 ca-fadeInAndSmallScaleUp\" style=\"--animation-duration: 0.6s;\" data-animation-margin=\"0px 0px -100px 0px\"><img decoding=\"async\" width=\"1024\" height=\"682\" class=\"gb-image gb-image-f7ac3fe4\" src=\"https:\/\/holidayinlapland.fi\/wp-content\/uploads\/2025\/07\/CI9A5440-1024x682.jpg\" alt=\"\" title=\"Yll\u00e4s\" srcset=\"https:\/\/holidayinlapland.fi\/wp-content\/uploads\/2025\/07\/CI9A5440-1024x682.jpg 1024w, https:\/\/holidayinlapland.fi\/wp-content\/uploads\/2025\/07\/CI9A5440-600x400.jpg 600w, https:\/\/holidayinlapland.fi\/wp-content\/uploads\/2025\/07\/CI9A5440-300x200.jpg 300w, https:\/\/holidayinlapland.fi\/wp-content\/uploads\/2025\/07\/CI9A5440-768x512.jpg 768w, https:\/\/holidayinlapland.fi\/wp-content\/uploads\/2025\/07\/CI9A5440-1536x1024.jpg 1536w, https:\/\/holidayinlapland.fi\/wp-content\/uploads\/2025\/07\/CI9A5440-1180x786.jpg 1180w, https:\/\/holidayinlapland.fi\/wp-content\/uploads\/2025\/07\/CI9A5440-590x393.jpg 590w, https:\/\/holidayinlapland.fi\/wp-content\/uploads\/2025\/07\/CI9A5440-395x263.jpg 395w, https:\/\/holidayinlapland.fi\/wp-content\/uploads\/2025\/07\/CI9A5440-113x75.jpg 113w, https:\/\/holidayinlapland.fi\/wp-content\/uploads\/2025\/07\/CI9A5440-375x250.jpg 375w, https:\/\/holidayinlapland.fi\/wp-content\/uploads\/2025\/07\/CI9A5440.jpg 2000w\" sizes=\"(max-width: 1024px) 100vw, 1024px\" \/><\/figure>\n\n<\/div>\n<\/div>\n<\/div>\n<\/div>\n<\/div>\n<\/div>\n\n<div class=\"gb-container gb-container-b239ba4f ti-image-text-in-column\">\n<div class=\"gb-container gb-container-53dd4588 chain-animations\">\n\n<figure class=\"gb-block-image gb-block-image-181b36f3 chain-animated ca-0 ca-fadeInAndSmallScaleUp\" style=\"--animation-duration: 0.6s;\" data-animation-margin=\"0px 0px -100px 0px\"><img decoding=\"async\" width=\"1024\" height=\"682\" class=\"gb-image gb-image-181b36f3 object-fit-img\" src=\"https:\/\/holidayinlapland.fi\/wp-content\/uploads\/2025\/05\/shutterstock_2154203323-1024x682.jpg\" alt=\"\" title=\"Yll\u00e4s\" srcset=\"https:\/\/holidayinlapland.fi\/wp-content\/uploads\/2025\/05\/shutterstock_2154203323-1024x682.jpg 1024w, https:\/\/holidayinlapland.fi\/wp-content\/uploads\/2025\/05\/shutterstock_2154203323-600x400.jpg 600w, https:\/\/holidayinlapland.fi\/wp-content\/uploads\/2025\/05\/shutterstock_2154203323-300x200.jpg 300w, https:\/\/holidayinlapland.fi\/wp-content\/uploads\/2025\/05\/shutterstock_2154203323-768x512.jpg 768w, https:\/\/holidayinlapland.fi\/wp-content\/uploads\/2025\/05\/shutterstock_2154203323-1536x1024.jpg 1536w, https:\/\/holidayinlapland.fi\/wp-content\/uploads\/2025\/05\/shutterstock_2154203323-1180x786.jpg 1180w, https:\/\/holidayinlapland.fi\/wp-content\/uploads\/2025\/05\/shutterstock_2154203323-590x393.jpg 590w, https:\/\/holidayinlapland.fi\/wp-content\/uploads\/2025\/05\/shutterstock_2154203323-395x263.jpg 395w, https:\/\/holidayinlapland.fi\/wp-content\/uploads\/2025\/05\/shutterstock_2154203323-113x75.jpg 113w, https:\/\/holidayinlapland.fi\/wp-content\/uploads\/2025\/05\/shutterstock_2154203323-375x250.jpg 375w, https:\/\/holidayinlapland.fi\/wp-content\/uploads\/2025\/05\/shutterstock_2154203323.jpg 2000w\" sizes=\"(max-width: 1024px) 100vw, 1024px\" \/><\/figure>\n\n<\/div>\n\n<div class=\"gb-container gb-container-2a042e3a chain-animations\">\n\n<h3 class=\"gb-headline gb-headline-2e1e96b7 gb-headline-text chain-animated ca-0 ca-fadeInFromDown\" style=\"--animation-duration: 0.6s;\" data-animation-margin=\"0px 0px -100px 0px\">Authentic Lapland Atmosphere<\/h3>\n\n\n\n<p class=\"gb-headline gb-headline-35a3b21d gb-headline-text chain-animated ca-1 ca-fadeInFromDown\" style=\"--animation-duration: 0.6s;\" data-animation-margin=\"0px 0px -100px 0px\">Yll\u00e4s offers visitors unforgettable experiences, traditional Lappish cuisine, and a relaxed sense of hospitality. It\u2019s a true paradise for food lovers \u2013 culinary delights await in both villages in every season. Yll\u00e4s\u2019 diverse event calendar provides a cultural balance to the day\u2019s outdoor adventures.<\/p>\n\n<\/div>\n<\/div>\n\n<div class=\"gb-container gb-container-cb30d710 alignfull ti-wrapper\">\n<div class=\"gb-container gb-container-1b81573f animated fadeInUp slow  ti-text-container\">\n\n<h3 class=\"gb-headline gb-headline-8ce1a638 gb-headline-text\">Yll\u00e4s\u2019 Events Throughout the Year<\/h3>\n\n\n\n<p>There\u2019s something happening in every season and for every taste! We\u2019ve gathered the highlights from the most popular events throughout the year. All events can be found <a href=\"https:\/\/yllas.fi\/en\/events\/\">here.<\/a><\/p>\n\n\n\n<ul class=\"wp-block-list\">\n<li>23\u201324.7. R\u00f6n\u00f6l\u00e4 market<\/li>\n\n\n\n<li>26.7. Yll\u00e4s-Levi MTB 2025<\/li>\n\n\n\n<li>24.8. Yll\u00e4s Pump Track Challenge<\/li>\n\n\n\n<li>27.-28.9. End of Summer Season&nbsp;<\/li>\n\n\n\n<li>22.\u201325.1. Yll\u00e4s Jazz Blues 2026<\/li>\n\n\n\n<li>10.\u201311.4. Yll\u00e4s-Levi Ski 2026<\/li>\n<\/ul>\n\n<\/div>\n\n<div class=\"gb-container gb-container-1c20b773 ti-image-container chain-animations\">\n\n<figure class=\"gb-block-image gb-block-image-46c0c25c chain-animated ca-1 ca-fadeInAndSmallScaleUp\" style=\"--animation-duration: 0.6s;\" data-animation-margin=\"0px 0px -100px 0px\"><img decoding=\"async\" width=\"1024\" height=\"684\" class=\"gb-image gb-image-46c0c25c\" src=\"https:\/\/holidayinlapland.fi\/wp-content\/uploads\/2025\/05\/shutterstock_1977572732-1024x684.jpg\" alt=\"\" title=\"Yll\u00e4s\" srcset=\"https:\/\/holidayinlapland.fi\/wp-content\/uploads\/2025\/05\/shutterstock_1977572732-1024x684.jpg 1024w, https:\/\/holidayinlapland.fi\/wp-content\/uploads\/2025\/05\/shutterstock_1977572732-600x401.jpg 600w, https:\/\/holidayinlapland.fi\/wp-content\/uploads\/2025\/05\/shutterstock_1977572732-300x200.jpg 300w, https:\/\/holidayinlapland.fi\/wp-content\/uploads\/2025\/05\/shutterstock_1977572732-768x513.jpg 768w, https:\/\/holidayinlapland.fi\/wp-content\/uploads\/2025\/05\/shutterstock_1977572732-1536x1025.jpg 1536w, https:\/\/holidayinlapland.fi\/wp-content\/uploads\/2025\/05\/shutterstock_1977572732-1180x788.jpg 1180w, https:\/\/holidayinlapland.fi\/wp-content\/uploads\/2025\/05\/shutterstock_1977572732-590x394.jpg 590w, https:\/\/holidayinlapland.fi\/wp-content\/uploads\/2025\/05\/shutterstock_1977572732-395x264.jpg 395w, https:\/\/holidayinlapland.fi\/wp-content\/uploads\/2025\/05\/shutterstock_1977572732-112x75.jpg 112w, https:\/\/holidayinlapland.fi\/wp-content\/uploads\/2025\/05\/shutterstock_1977572732-375x250.jpg 375w, https:\/\/holidayinlapland.fi\/wp-content\/uploads\/2025\/05\/shutterstock_1977572732.jpg 2000w\" sizes=\"(max-width: 1024px) 100vw, 1024px\" \/><\/figure>\n\n<\/div>\n<\/div>\n<\/div>\n<\/div>","protected":false},"excerpt":{"rendered":"<p>Yll\u00e4s Offers Year-Round Adventures: Finland\u2019s Longest Slopes, Stunning Hiking Trails, and Authentic Lapland Atmosphere Surrounded by Seven Fells.<\/p>\n","protected":false},"author":1,"featured_media":6569,"parent":0,"menu_order":2,"comment_status":"closed","ping_status":"closed","template":"","meta":{"_acf_changed":false,"footnotes":""},"class_list":["post-7007","page","type-page","status-publish","has-post-thumbnail"],"acf":[],"yoast_head":"<!-- This site is optimized with the Yoast SEO plugin v26.8 - https:\/\/yoast.com\/product\/yoast-seo-wordpress\/ -->\n<title>Visit Yll\u00e4s \u2013 Hiking, Skiing, and Pure Arctic Nature<\/title>\n<meta name=\"description\" content=\"Yll\u00e4s Offers Year-Round Adventures: Finland\u2019s Longest Slopes, Stunning Hiking Trails, and Authentic Lapland Atmosphere.\" \/>\n<meta name=\"robots\" content=\"index, follow, max-snippet:-1, max-image-preview:large, max-video-preview:-1\" \/>\n<link rel=\"canonical\" href=\"https:\/\/holidayinlapland.fi\/en\/yllas\/\" \/>\n<meta property=\"og:locale\" content=\"en_US\" \/>\n<meta property=\"og:type\" content=\"article\" \/>\n<meta property=\"og:title\" content=\"Visit Yll\u00e4s \u2013 Hiking, Skiing, and Pure Arctic Nature\" \/>\n<meta property=\"og:description\" content=\"Yll\u00e4s Offers Year-Round Adventures: Finland\u2019s Longest Slopes, Stunning Hiking Trails, and Authentic Lapland Atmosphere.\" \/>\n<meta property=\"og:url\" content=\"https:\/\/holidayinlapland.fi\/en\/yllas\/\" \/>\n<meta property=\"og:site_name\" content=\"Holiday In Lapland\" \/>\n<meta property=\"article:modified_time\" content=\"2025-07-25T11:07:17+00:00\" \/>\n<meta property=\"og:image\" content=\"https:\/\/holvol2.applari.fi\/wp-content\/uploads\/2025\/05\/shutterstock_2146518561.jpg\" \/>\n\t<meta property=\"og:image:width\" content=\"2000\" \/>\n\t<meta property=\"og:image:height\" content=\"1333\" \/>\n\t<meta property=\"og:image:type\" content=\"image\/jpeg\" \/>\n<meta name=\"twitter:card\" content=\"summary_large_image\" \/>\n<meta name=\"twitter:label1\" content=\"Est. reading time\" \/>\n\t<meta name=\"twitter:data1\" content=\"3 minutes\" \/>\n<script type=\"application\/ld+json\" class=\"yoast-schema-graph\">{\"@context\":\"https:\/\/schema.org\",\"@graph\":[{\"@type\":\"WebPage\",\"@id\":\"https:\/\/holidayinlapland.fi\/en\/yllas\/\",\"url\":\"https:\/\/holidayinlapland.fi\/en\/yllas\/\",\"name\":\"Visit Yll\u00e4s \u2013 Hiking, Skiing, and Pure Arctic Nature\",\"isPartOf\":{\"@id\":\"https:\/\/holvol2.applari.fi\/#website\"},\"primaryImageOfPage\":{\"@id\":\"https:\/\/holidayinlapland.fi\/en\/yllas\/#primaryimage\"},\"image\":{\"@id\":\"https:\/\/holidayinlapland.fi\/en\/yllas\/#primaryimage\"},\"thumbnailUrl\":\"https:\/\/holidayinlapland.fi\/wp-content\/uploads\/2025\/05\/shutterstock_2146518561.jpg\",\"datePublished\":\"2025-03-28T12:02:01+00:00\",\"dateModified\":\"2025-07-25T11:07:17+00:00\",\"description\":\"Yll\u00e4s Offers Year-Round Adventures: Finland\u2019s Longest Slopes, Stunning Hiking Trails, and Authentic Lapland Atmosphere.\",\"breadcrumb\":{\"@id\":\"https:\/\/holidayinlapland.fi\/en\/yllas\/#breadcrumb\"},\"inLanguage\":\"en-US\",\"potentialAction\":[{\"@type\":\"ReadAction\",\"target\":[\"https:\/\/holidayinlapland.fi\/en\/yllas\/\"]}]},{\"@type\":\"ImageObject\",\"inLanguage\":\"en-US\",\"@id\":\"https:\/\/holidayinlapland.fi\/en\/yllas\/#primaryimage\",\"url\":\"https:\/\/holidayinlapland.fi\/wp-content\/uploads\/2025\/05\/shutterstock_2146518561.jpg\",\"contentUrl\":\"https:\/\/holidayinlapland.fi\/wp-content\/uploads\/2025\/05\/shutterstock_2146518561.jpg\",\"width\":2000,\"height\":1333,\"caption\":\"lappi, moottorikelkkailu, moottorikelkkasafari, moottorikelkka, tunturi, levi, yll\u00e4s\"},{\"@type\":\"BreadcrumbList\",\"@id\":\"https:\/\/holidayinlapland.fi\/en\/yllas\/#breadcrumb\",\"itemListElement\":[{\"@type\":\"ListItem\",\"position\":1,\"name\":\"Home\",\"item\":\"https:\/\/holidayinlapland.fi\/en\/\"},{\"@type\":\"ListItem\",\"position\":2,\"name\":\"Yll\u00e4s\"}]},{\"@type\":\"WebSite\",\"@id\":\"https:\/\/holvol2.applari.fi\/#website\",\"url\":\"https:\/\/holvol2.applari.fi\/\",\"name\":\"Holiday In Lapland\",\"description\":\"\",\"publisher\":{\"@id\":\"https:\/\/holvol2.applari.fi\/#organization\"},\"potentialAction\":[{\"@type\":\"SearchAction\",\"target\":{\"@type\":\"EntryPoint\",\"urlTemplate\":\"https:\/\/holvol2.applari.fi\/?s={search_term_string}\"},\"query-input\":{\"@type\":\"PropertyValueSpecification\",\"valueRequired\":true,\"valueName\":\"search_term_string\"}}],\"inLanguage\":\"en-US\"},{\"@type\":\"Organization\",\"@id\":\"https:\/\/holvol2.applari.fi\/#organization\",\"name\":\"Holiday In Lapland\",\"url\":\"https:\/\/holvol2.applari.fi\/\",\"logo\":{\"@type\":\"ImageObject\",\"inLanguage\":\"en-US\",\"@id\":\"https:\/\/holvol2.applari.fi\/#\/schema\/logo\/image\/\",\"url\":\"https:\/\/holidayinlapland.fi\/wp-content\/uploads\/2025\/03\/loma-lapissa-logo.svg\",\"contentUrl\":\"https:\/\/holidayinlapland.fi\/wp-content\/uploads\/2025\/03\/loma-lapissa-logo.svg\",\"caption\":\"Holiday In Lapland\"},\"image\":{\"@id\":\"https:\/\/holvol2.applari.fi\/#\/schema\/logo\/image\/\"}}]}<\/script>\n<!-- \/ Yoast SEO plugin. -->","yoast_head_json":{"title":"Visit Yll\u00e4s \u2013 Hiking, Skiing, and Pure Arctic Nature","description":"Yll\u00e4s Offers Year-Round Adventures: Finland\u2019s Longest Slopes, Stunning Hiking Trails, and Authentic Lapland Atmosphere.","robots":{"index":"index","follow":"follow","max-snippet":"max-snippet:-1","max-image-preview":"max-image-preview:large","max-video-preview":"max-video-preview:-1"},"canonical":"https:\/\/holidayinlapland.fi\/en\/yllas\/","og_locale":"en_US","og_type":"article","og_title":"Visit Yll\u00e4s \u2013 Hiking, Skiing, and Pure Arctic Nature","og_description":"Yll\u00e4s Offers Year-Round Adventures: Finland\u2019s Longest Slopes, Stunning Hiking Trails, and Authentic Lapland Atmosphere.","og_url":"https:\/\/holidayinlapland.fi\/en\/yllas\/","og_site_name":"Holiday In Lapland","article_modified_time":"2025-07-25T11:07:17+00:00","og_image":[{"width":2000,"height":1333,"url":"https:\/\/holvol2.applari.fi\/wp-content\/uploads\/2025\/05\/shutterstock_2146518561.jpg","type":"image\/jpeg"}],"twitter_card":"summary_large_image","twitter_misc":{"Est. reading time":"3 minutes"},"schema":{"@context":"https:\/\/schema.org","@graph":[{"@type":"WebPage","@id":"https:\/\/holidayinlapland.fi\/en\/yllas\/","url":"https:\/\/holidayinlapland.fi\/en\/yllas\/","name":"Visit Yll\u00e4s \u2013 Hiking, Skiing, and Pure Arctic Nature","isPartOf":{"@id":"https:\/\/holvol2.applari.fi\/#website"},"primaryImageOfPage":{"@id":"https:\/\/holidayinlapland.fi\/en\/yllas\/#primaryimage"},"image":{"@id":"https:\/\/holidayinlapland.fi\/en\/yllas\/#primaryimage"},"thumbnailUrl":"https:\/\/holidayinlapland.fi\/wp-content\/uploads\/2025\/05\/shutterstock_2146518561.jpg","datePublished":"2025-03-28T12:02:01+00:00","dateModified":"2025-07-25T11:07:17+00:00","description":"Yll\u00e4s Offers Year-Round Adventures: Finland\u2019s Longest Slopes, Stunning Hiking Trails, and Authentic Lapland Atmosphere.","breadcrumb":{"@id":"https:\/\/holidayinlapland.fi\/en\/yllas\/#breadcrumb"},"inLanguage":"en-US","potentialAction":[{"@type":"ReadAction","target":["https:\/\/holidayinlapland.fi\/en\/yllas\/"]}]},{"@type":"ImageObject","inLanguage":"en-US","@id":"https:\/\/holidayinlapland.fi\/en\/yllas\/#primaryimage","url":"https:\/\/holidayinlapland.fi\/wp-content\/uploads\/2025\/05\/shutterstock_2146518561.jpg","contentUrl":"https:\/\/holidayinlapland.fi\/wp-content\/uploads\/2025\/05\/shutterstock_2146518561.jpg","width":2000,"height":1333,"caption":"lappi, moottorikelkkailu, moottorikelkkasafari, moottorikelkka, tunturi, levi, yll\u00e4s"},{"@type":"BreadcrumbList","@id":"https:\/\/holidayinlapland.fi\/en\/yllas\/#breadcrumb","itemListElement":[{"@type":"ListItem","position":1,"name":"Home","item":"https:\/\/holidayinlapland.fi\/en\/"},{"@type":"ListItem","position":2,"name":"Yll\u00e4s"}]},{"@type":"WebSite","@id":"https:\/\/holvol2.applari.fi\/#website","url":"https:\/\/holvol2.applari.fi\/","name":"Holiday In Lapland","description":"","publisher":{"@id":"https:\/\/holvol2.applari.fi\/#organization"},"potentialAction":[{"@type":"SearchAction","target":{"@type":"EntryPoint","urlTemplate":"https:\/\/holvol2.applari.fi\/?s={search_term_string}"},"query-input":{"@type":"PropertyValueSpecification","valueRequired":true,"valueName":"search_term_string"}}],"inLanguage":"en-US"},{"@type":"Organization","@id":"https:\/\/holvol2.applari.fi\/#organization","name":"Holiday In Lapland","url":"https:\/\/holvol2.applari.fi\/","logo":{"@type":"ImageObject","inLanguage":"en-US","@id":"https:\/\/holvol2.applari.fi\/#\/schema\/logo\/image\/","url":"https:\/\/holidayinlapland.fi\/wp-content\/uploads\/2025\/03\/loma-lapissa-logo.svg","contentUrl":"https:\/\/holidayinlapland.fi\/wp-content\/uploads\/2025\/03\/loma-lapissa-logo.svg","caption":"Holiday In Lapland"},"image":{"@id":"https:\/\/holvol2.applari.fi\/#\/schema\/logo\/image\/"}}]}},"_links":{"self":[{"href":"https:\/\/holidayinlapland.fi\/en\/wp-json\/wp\/v2\/pages\/7007","targetHints":{"allow":["GET"]}}],"collection":[{"href":"https:\/\/holidayinlapland.fi\/en\/wp-json\/wp\/v2\/pages"}],"about":[{"href":"https:\/\/holidayinlapland.fi\/en\/wp-json\/wp\/v2\/types\/page"}],"author":[{"embeddable":true,"href":"https:\/\/holidayinlapland.fi\/en\/wp-json\/wp\/v2\/users\/1"}],"replies":[{"embeddable":true,"href":"https:\/\/holidayinlapland.fi\/en\/wp-json\/wp\/v2\/comments?post=7007"}],"version-history":[{"count":4,"href":"https:\/\/holidayinlapland.fi\/en\/wp-json\/wp\/v2\/pages\/7007\/revisions"}],"predecessor-version":[{"id":7193,"href":"https:\/\/holidayinlapland.fi\/en\/wp-json\/wp\/v2\/pages\/7007\/revisions\/7193"}],"wp:featuredmedia":[{"embeddable":true,"href":"https:\/\/holidayinlapland.fi\/en\/wp-json\/wp\/v2\/media\/6569"}],"wp:attachment":[{"href":"https:\/\/holidayinlapland.fi\/en\/wp-json\/wp\/v2\/media?parent=7007"}],"curies":[{"name":"wp","href":"https:\/\/api.w.org\/{rel}","templated":true}]}}