{"id":6782,"date":"2025-03-27T14:27:26","date_gmt":"2025-03-27T12:27:26","guid":{"rendered":"https:\/\/holidayinlapland.fi\/meista\/"},"modified":"2026-02-27T15:04:10","modified_gmt":"2026-02-27T13:04:10","slug":"meista","status":"publish","type":"page","link":"https:\/\/holidayinlapland.fi\/en\/meista\/","title":{"rendered":"About us"},"content":{"rendered":"<div class=\"gb-container gb-container-630b64a7 alignfull color-section about-us-container wrapper-alternate-color\">\n<div class=\"gb-container gb-container-fd853a9d\">\n<div class=\"gb-container gb-container-d4b80512 max-width-768\">\n<div class=\"gb-container gb-container-ad741de0\">\n\n<h1 class=\"gb-headline gb-headline-3c674f30 gb-headline-text max-width-768\">A holiday in Lapland, done right<\/h1>\n\n\n\n<p class=\"gb-headline gb-headline-1eb8ec90 gb-headline-text title-font\">Holiday in Lapland was born from a simple idea:<\/p>\n\n\n\n<p class=\"gb-headline gb-headline-03922571 gb-headline-text title-font\"><strong>A\u00a0holiday\u00a0should\u00a0be\u00a0effortless\u2014and\u00a0worth\u00a0the\u00a0story\u00a0it\u00a0becomes.<\/strong>\u00a0<\/p>\n\n<\/div>\n\n<div class=\"gb-container gb-container-676863d7\">\n\n<p>A holiday can mean different things to different people. For some,&nbsp;it\u2019s&nbsp;simply a place to stay. For others,&nbsp;it\u2019s&nbsp;also about what they get to do and experience.&nbsp;<\/p>\n\n\n\n<p>But at its heart, a holiday is about moments and experiences\u2014the kind you carry with you long after&nbsp;you\u2019ve&nbsp;returned home.&nbsp;<\/p>\n\n\n\n<p>Lapland is also special in the sense that you&nbsp;don\u2019t&nbsp;come here by accident. Travelling to Lapland is a conscious choice. People travel here from far away\u2014sometimes thousands of&nbsp;kilometres\u2014and for many, it may be the only time they ever visit the North. We want to do our part to make sure that journey feels meaningful, and at its best, leaves you wanting to return.&nbsp;It\u2019s&nbsp;a point of quiet pride for us to help make Lapland dreams come true\u2014for as many people as possible. After all,&nbsp;we\u2019re&nbsp;deeply in love with this place ourselves.&nbsp;<\/p>\n\n\n\n<p>Holiday in Lapland is a local company\u2014in the truest sense of the word. We are present where it matters: in Levi, in&nbsp;Yll\u00e4s, and in Oulu today, and elsewhere tomorrow. We are here with real offices, real people, and a genuine sense of responsibility.&nbsp;<\/p>\n\n\n\n<h2 class=\"gb-headline gb-headline-6cf76d71 gb-headline-text\">Trust is everything<\/h2>\n\n\n\n<p>We exist so everything works the way it should.&nbsp;So&nbsp;you can focus on what truly matters: the silence, the light, and moments that&nbsp;can\u2019t&nbsp;be repeated. Because for us, a holiday in Lapland is never just accommodation.&nbsp;It\u2019s&nbsp;the beginning of something more.&nbsp;<\/p>\n\n\n\n<p>We work with trusted, local partners to create the kind of experiences&nbsp;you\u2019re&nbsp;looking for. Whether&nbsp;you\u2019re&nbsp;drawn to quiet&nbsp;time in&nbsp;the nature&nbsp;or something more active and hands-on, our partners help make it happen.&nbsp;Trust has been built over more than five years\u2014and it continues to grow.&nbsp;<\/p>\n\n\n\n<h2 class=\"gb-headline gb-headline-1201ef08 gb-headline-text\">From Lapland to the world\u00a0<\/h2>\n\n\n\n<p>Being genuinely present in Northern Finland is at the core of everything we do. For us, local presence is a way of working\u2014a way to solve&nbsp;problems and&nbsp;build trust with both travellers and property owners. While our guests come from all over the world, our roots are firmly in the North.&nbsp;<\/p>\n\n\n\n<p>Our role is straightforward, yet meaningful. We bring together:&nbsp;<\/p>\n\n\n\n<ul class=\"wp-block-list\">\n<li>carefully selected accommodation\u00a0<\/li>\n\n\n\n<li>trusted local partners for experiences\u00a0\u00a0<\/li>\n\n\n\n<li>seamless services and reliable support\u00a0<\/li>\n\n\n\n<li>and a level of availability\u00a0that\u2019s\u00a0rare in this industry.<\/li>\n<\/ul>\n\n\n\n<p>From the moment you book to the moment you return&nbsp;home,&nbsp;we make sure your holiday unfolds the way it should.&nbsp;<\/p>\n\n\n\n<p>No confusion. No unanswered calls. No unnecessary friction. Just a holiday that feels right, and a place&nbsp;you\u2019ll&nbsp;want to return to.&nbsp;<\/p>\n\n\n\n<p><strong>Holiday in Lapland\u2014Once upon a Lapland.<\/strong>&nbsp;<\/p>\n\n\n\n<p>This is where your story begins.&nbsp;We\u2019ll&nbsp;take care of the rest.&nbsp;<\/p>\n\n<\/div>\n<\/div>\n<\/div>\n<\/div>\n\n<div class=\"gb-container gb-container-f3c71e0e alignfull color-section grey-color-section\">\n<div class=\"gb-container gb-container-7d4f0fcb\">\n<div class=\"gb-container gb-container-07333262\">\n\n<h3 class=\"gb-headline gb-headline-603a4ce7 gb-headline-text\">Holiday in Lapland Ltd.<\/h3>\n\n\n<div class=\"gb-container gb-container-327b9ee4\">\n\n<p><strong>Levi<\/strong><br>Leviraitti 7 LT4<br>99130 Levi<\/p>\n\n<\/div>\n\n<div class=\"gb-container gb-container-0ddc6106\">\n\n<p><strong>Yll\u00e4s<\/strong><br>Vaeltajantie 2 A<br>95980 Yll\u00e4sj\u00e4rvi<\/p>\n\n<\/div>\n\n<div class=\"gb-container gb-container-87791f1c\">\n\n<p><strong>Oulu<\/strong><br>Koulukatu 9 LH1<br>90100 Oulu<\/p>\n\n<\/div>\n\n<div class=\"gb-container gb-container-118d05cf\">\n\n<p><strong>Phone:<\/strong>\u00a0+358 44 249 3438<br>(Tuesday \u2013 Saturday klo: 09:00 \u2013 17:00)<\/p>\n\n<\/div>\n\n<div class=\"gb-container gb-container-5fb10bcf\">\n\n<p><strong>Email:<\/strong><br><a href=\"mailto:info@holidayinlapland.fi\">info@holidayinlapland.fi<\/a><\/p>\n\n<\/div>\n\n<div class=\"gb-container gb-container-3943596b\">\n\n<p><strong>Cabin owners:\u00a0<\/strong><br><a href=\"mailto:sales@holidayinlapland.fi\">sales@holidayinlapland.fi<\/a><\/p>\n\n<\/div>\n<\/div>\n\n<div class=\"gb-container gb-container-f0ca84c4 no-bottom-padding\">\n\n<h3 class=\"gb-headline gb-headline-1195cf6a gb-headline-text\">Contact us<\/h3>\n\n\n<style id=\"wpforms-css-vars-8211\">\n\t\t\t\t#wpforms-8211 {\n\t\t\t\t--wpforms-field-size-input-height: 43px;\n--wpforms-field-size-input-spacing: 15px;\n--wpforms-field-size-font-size: 16px;\n--wpforms-field-size-line-height: 19px;\n--wpforms-field-size-padding-h: 14px;\n--wpforms-field-size-checkbox-size: 16px;\n--wpforms-field-size-sublabel-spacing: 5px;\n--wpforms-field-size-icon-size: 1;\n--wpforms-label-size-font-size: 16px;\n--wpforms-label-size-line-height: 19px;\n--wpforms-label-size-sublabel-font-size: 14px;\n--wpforms-label-size-sublabel-line-height: 17px;\n--wpforms-button-size-font-size: 17px;\n--wpforms-button-size-height: 41px;\n--wpforms-button-size-padding-h: 15px;\n--wpforms-button-size-margin-top: 10px;\n--wpforms-container-shadow-size-box-shadow: none;\n\t\t\t}\n\t\t\t<\/style><div class=\"wpforms-container wpforms-container-full wpforms-render-modern\" id=\"wpforms-8211\"><form id=\"wpforms-form-8211\" class=\"wpforms-validate wpforms-form wpforms-ajax-form\" data-formid=\"8211\" method=\"post\" enctype=\"multipart\/form-data\" action=\"\/en\/wp-json\/wp\/v2\/pages\/6782\" data-token=\"7d3c0dcc1a2de65130afab101b5b097f\" data-token-time=\"1775955252\"><noscript class=\"wpforms-error-noscript\">Please enable JavaScript in your browser to complete this form.<\/noscript><div id=\"wpforms-error-noscript\" style=\"display: none;\">Please enable JavaScript in your browser to complete this form.<\/div><div class=\"wpforms-field-container\"><div id=\"wpforms-8211-field_4-container\" class=\"wpforms-field wpforms-field-text\" data-field-id=\"4\"><label class=\"wpforms-field-label wpforms-label-hide\" for=\"wpforms-8211-field_4\" aria-hidden=\"false\">Name <span class=\"wpforms-required-label\" aria-hidden=\"true\">*<\/span><\/label><input type=\"text\" id=\"wpforms-8211-field_4\" class=\"wpforms-field-large wpforms-field-required\" name=\"wpforms[fields][4]\" placeholder=\"Name\" aria-errormessage=\"wpforms-8211-field_4-error\" required><\/div>\t\t<div id=\"wpforms-8211-field_1-container\"\n\t\t\tclass=\"wpforms-field wpforms-field-text\"\n\t\t\tdata-field-type=\"text\"\n\t\t\tdata-field-id=\"1\"\n\t\t\t>\n\t\t\t<label class=\"wpforms-field-label\" for=\"wpforms-8211-field_1\" >Name Message Email<\/label>\n\t\t\t<input type=\"text\" id=\"wpforms-8211-field_1\" class=\"wpforms-field-medium\" name=\"wpforms[fields][1]\" >\n\t\t<\/div>\n\t\t<div id=\"wpforms-8211-field_5-container\" class=\"wpforms-field wpforms-field-email\" data-field-id=\"5\"><label class=\"wpforms-field-label wpforms-label-hide\" for=\"wpforms-8211-field_5\" aria-hidden=\"false\">Email <span class=\"wpforms-required-label\" aria-hidden=\"true\">*<\/span><\/label><input type=\"email\" id=\"wpforms-8211-field_5\" class=\"wpforms-field-large wpforms-field-required\" name=\"wpforms[fields][5]\" placeholder=\"Email\" spellcheck=\"false\" aria-errormessage=\"wpforms-8211-field_5-error\" required><\/div><div id=\"wpforms-8211-field_6-container\" class=\"wpforms-field wpforms-field-textarea\" data-field-id=\"6\"><label class=\"wpforms-field-label wpforms-label-hide\" for=\"wpforms-8211-field_6\" aria-hidden=\"false\">Message <span class=\"wpforms-required-label\" aria-hidden=\"true\">*<\/span><\/label><textarea id=\"wpforms-8211-field_6\" class=\"wpforms-field-medium wpforms-field-required\" name=\"wpforms[fields][6]\" placeholder=\"Message\" aria-errormessage=\"wpforms-8211-field_6-error\" required><\/textarea><\/div><script>\n\t\t\t\t( function() {\n\t\t\t\t\tconst style = document.createElement( 'style' );\n\t\t\t\t\tstyle.appendChild( document.createTextNode( '#wpforms-8211-field_1-container { position: absolute !important; overflow: hidden !important; display: inline !important; height: 1px !important; width: 1px !important; z-index: -1000 !important; padding: 0 !important; } #wpforms-8211-field_1-container input { visibility: hidden; } #wpforms-conversational-form-page #wpforms-8211-field_1-container label { counter-increment: none; }' ) );\n\t\t\t\t\tdocument.head.appendChild( style );\n\t\t\t\t\tdocument.currentScript?.remove();\n\t\t\t\t} )();\n\t\t\t<\/script><\/div><!-- .wpforms-field-container --><div class=\"wpforms-submit-container\" ><input type=\"hidden\" name=\"wpforms[id]\" value=\"8211\"><input type=\"hidden\" name=\"page_title\" value=\"\"><input type=\"hidden\" name=\"page_url\" value=\"https:\/\/holidayinlapland.fi\/en\/wp-json\/wp\/v2\/pages\/6782\"><input type=\"hidden\" name=\"url_referer\" value=\"\"><button type=\"submit\" name=\"wpforms[submit]\" id=\"wpforms-submit-8211\" class=\"wpforms-submit\" data-alt-text=\"Sending..\" data-submit-text=\"Submit\" aria-live=\"assertive\" value=\"wpforms-submit\">Submit<\/button><img decoding=\"async\" src=\"https:\/\/holidayinlapland.fi\/wp-content\/plugins\/wpforms\/assets\/images\/submit-spin.svg\" class=\"wpforms-submit-spinner\" style=\"display: none;\" width=\"26\" height=\"26\" alt=\"Loading\"><\/div><\/form><\/div>  <!-- .wpforms-container -->\n\n<\/div>\n<\/div>\n<\/div>","protected":false},"excerpt":{"rendered":"<p> &#8230; <a title=\"About us\" class=\"read-more\" href=\"https:\/\/holidayinlapland.fi\/en\/meista\/\" aria-label=\"Read more about About us\">Read more<\/a><\/p>\n","protected":false},"author":1,"featured_media":6581,"parent":0,"menu_order":0,"comment_status":"closed","ping_status":"closed","template":"","meta":{"_acf_changed":false,"footnotes":""},"class_list":["post-6782","page","type-page","status-publish","has-post-thumbnail"],"acf":[],"yoast_head":"<!-- This site is optimized with the Yoast SEO plugin v26.8 - https:\/\/yoast.com\/product\/yoast-seo-wordpress\/ -->\n<title>Meist\u00e4 - Holiday In Lapland<\/title>\n<meta name=\"description\" content=\"Vuosien kokemus kiinteist\u00f6nv\u00e4litys- ja markkinointialalla antaa meille t\u00e4ydellisen l\u00e4ht\u00f6kohdan loma-asuntovuokraukseen.\" \/>\n<meta name=\"robots\" content=\"index, follow, max-snippet:-1, max-image-preview:large, max-video-preview:-1\" \/>\n<link rel=\"canonical\" href=\"https:\/\/holidayinlapland.fi\/en\/meista\/\" \/>\n<meta property=\"og:locale\" content=\"en_US\" \/>\n<meta property=\"og:type\" content=\"article\" \/>\n<meta property=\"og:title\" content=\"Meist\u00e4 - Holiday In Lapland\" \/>\n<meta property=\"og:description\" content=\"Vuosien kokemus kiinteist\u00f6nv\u00e4litys- ja markkinointialalla antaa meille t\u00e4ydellisen l\u00e4ht\u00f6kohdan loma-asuntovuokraukseen.\" \/>\n<meta property=\"og:url\" content=\"https:\/\/holidayinlapland.fi\/en\/meista\/\" \/>\n<meta property=\"og:site_name\" content=\"Holiday In Lapland\" \/>\n<meta property=\"article:modified_time\" content=\"2026-02-27T13:04:10+00:00\" \/>\n<meta property=\"og:image\" content=\"https:\/\/holidayinlapland.fi\/wp-content\/uploads\/2025\/05\/shutterstock_2280939587.jpg\" \/>\n\t<meta property=\"og:image:width\" content=\"2000\" \/>\n\t<meta property=\"og:image:height\" content=\"1333\" \/>\n\t<meta property=\"og:image:type\" content=\"image\/jpeg\" \/>\n<meta name=\"twitter:card\" content=\"summary_large_image\" \/>\n<meta name=\"twitter:label1\" content=\"Est. reading time\" \/>\n\t<meta name=\"twitter:data1\" content=\"3 minutes\" \/>\n<script type=\"application\/ld+json\" class=\"yoast-schema-graph\">{\"@context\":\"https:\/\/schema.org\",\"@graph\":[{\"@type\":\"WebPage\",\"@id\":\"https:\/\/holidayinlapland.fi\/en\/meista\/\",\"url\":\"https:\/\/holidayinlapland.fi\/en\/meista\/\",\"name\":\"Meist\u00e4 - Holiday In Lapland\",\"isPartOf\":{\"@id\":\"https:\/\/holvol2.applari.fi\/#website\"},\"primaryImageOfPage\":{\"@id\":\"https:\/\/holidayinlapland.fi\/en\/meista\/#primaryimage\"},\"image\":{\"@id\":\"https:\/\/holidayinlapland.fi\/en\/meista\/#primaryimage\"},\"thumbnailUrl\":\"https:\/\/holidayinlapland.fi\/wp-content\/uploads\/2025\/05\/shutterstock_2280939587.jpg\",\"datePublished\":\"2025-03-27T12:27:26+00:00\",\"dateModified\":\"2026-02-27T13:04:10+00:00\",\"description\":\"Vuosien kokemus kiinteist\u00f6nv\u00e4litys- ja markkinointialalla antaa meille t\u00e4ydellisen l\u00e4ht\u00f6kohdan loma-asuntovuokraukseen.\",\"breadcrumb\":{\"@id\":\"https:\/\/holidayinlapland.fi\/en\/meista\/#breadcrumb\"},\"inLanguage\":\"en-US\",\"potentialAction\":[{\"@type\":\"ReadAction\",\"target\":[\"https:\/\/holidayinlapland.fi\/en\/meista\/\"]}]},{\"@type\":\"ImageObject\",\"inLanguage\":\"en-US\",\"@id\":\"https:\/\/holidayinlapland.fi\/en\/meista\/#primaryimage\",\"url\":\"https:\/\/holidayinlapland.fi\/wp-content\/uploads\/2025\/05\/shutterstock_2280939587.jpg\",\"contentUrl\":\"https:\/\/holidayinlapland.fi\/wp-content\/uploads\/2025\/05\/shutterstock_2280939587.jpg\",\"width\":2000,\"height\":1333,\"caption\":\"revontulet, lappi, revontuliretki, lumimaisema, tunturimaisema, levi, yll\u00e4s\"},{\"@type\":\"BreadcrumbList\",\"@id\":\"https:\/\/holidayinlapland.fi\/en\/meista\/#breadcrumb\",\"itemListElement\":[{\"@type\":\"ListItem\",\"position\":1,\"name\":\"Home\",\"item\":\"https:\/\/holidayinlapland.fi\/en\/\"},{\"@type\":\"ListItem\",\"position\":2,\"name\":\"About us\"}]},{\"@type\":\"WebSite\",\"@id\":\"https:\/\/holvol2.applari.fi\/#website\",\"url\":\"https:\/\/holvol2.applari.fi\/\",\"name\":\"Holiday In Lapland\",\"description\":\"\",\"publisher\":{\"@id\":\"https:\/\/holvol2.applari.fi\/#organization\"},\"potentialAction\":[{\"@type\":\"SearchAction\",\"target\":{\"@type\":\"EntryPoint\",\"urlTemplate\":\"https:\/\/holvol2.applari.fi\/?s={search_term_string}\"},\"query-input\":{\"@type\":\"PropertyValueSpecification\",\"valueRequired\":true,\"valueName\":\"search_term_string\"}}],\"inLanguage\":\"en-US\"},{\"@type\":\"Organization\",\"@id\":\"https:\/\/holvol2.applari.fi\/#organization\",\"name\":\"Holiday In Lapland\",\"url\":\"https:\/\/holvol2.applari.fi\/\",\"logo\":{\"@type\":\"ImageObject\",\"inLanguage\":\"en-US\",\"@id\":\"https:\/\/holvol2.applari.fi\/#\/schema\/logo\/image\/\",\"url\":\"https:\/\/holidayinlapland.fi\/wp-content\/uploads\/2025\/03\/loma-lapissa-logo.svg\",\"contentUrl\":\"https:\/\/holidayinlapland.fi\/wp-content\/uploads\/2025\/03\/loma-lapissa-logo.svg\",\"caption\":\"Holiday In Lapland\"},\"image\":{\"@id\":\"https:\/\/holvol2.applari.fi\/#\/schema\/logo\/image\/\"}}]}<\/script>\n<!-- \/ Yoast SEO plugin. -->","yoast_head_json":{"title":"Meist\u00e4 - Holiday In Lapland","description":"Vuosien kokemus kiinteist\u00f6nv\u00e4litys- ja markkinointialalla antaa meille t\u00e4ydellisen l\u00e4ht\u00f6kohdan loma-asuntovuokraukseen.","robots":{"index":"index","follow":"follow","max-snippet":"max-snippet:-1","max-image-preview":"max-image-preview:large","max-video-preview":"max-video-preview:-1"},"canonical":"https:\/\/holidayinlapland.fi\/en\/meista\/","og_locale":"en_US","og_type":"article","og_title":"Meist\u00e4 - Holiday In Lapland","og_description":"Vuosien kokemus kiinteist\u00f6nv\u00e4litys- ja markkinointialalla antaa meille t\u00e4ydellisen l\u00e4ht\u00f6kohdan loma-asuntovuokraukseen.","og_url":"https:\/\/holidayinlapland.fi\/en\/meista\/","og_site_name":"Holiday In Lapland","article_modified_time":"2026-02-27T13:04:10+00:00","og_image":[{"width":2000,"height":1333,"url":"https:\/\/holidayinlapland.fi\/wp-content\/uploads\/2025\/05\/shutterstock_2280939587.jpg","type":"image\/jpeg"}],"twitter_card":"summary_large_image","twitter_misc":{"Est. reading time":"3 minutes"},"schema":{"@context":"https:\/\/schema.org","@graph":[{"@type":"WebPage","@id":"https:\/\/holidayinlapland.fi\/en\/meista\/","url":"https:\/\/holidayinlapland.fi\/en\/meista\/","name":"Meist\u00e4 - Holiday In Lapland","isPartOf":{"@id":"https:\/\/holvol2.applari.fi\/#website"},"primaryImageOfPage":{"@id":"https:\/\/holidayinlapland.fi\/en\/meista\/#primaryimage"},"image":{"@id":"https:\/\/holidayinlapland.fi\/en\/meista\/#primaryimage"},"thumbnailUrl":"https:\/\/holidayinlapland.fi\/wp-content\/uploads\/2025\/05\/shutterstock_2280939587.jpg","datePublished":"2025-03-27T12:27:26+00:00","dateModified":"2026-02-27T13:04:10+00:00","description":"Vuosien kokemus kiinteist\u00f6nv\u00e4litys- ja markkinointialalla antaa meille t\u00e4ydellisen l\u00e4ht\u00f6kohdan loma-asuntovuokraukseen.","breadcrumb":{"@id":"https:\/\/holidayinlapland.fi\/en\/meista\/#breadcrumb"},"inLanguage":"en-US","potentialAction":[{"@type":"ReadAction","target":["https:\/\/holidayinlapland.fi\/en\/meista\/"]}]},{"@type":"ImageObject","inLanguage":"en-US","@id":"https:\/\/holidayinlapland.fi\/en\/meista\/#primaryimage","url":"https:\/\/holidayinlapland.fi\/wp-content\/uploads\/2025\/05\/shutterstock_2280939587.jpg","contentUrl":"https:\/\/holidayinlapland.fi\/wp-content\/uploads\/2025\/05\/shutterstock_2280939587.jpg","width":2000,"height":1333,"caption":"revontulet, lappi, revontuliretki, lumimaisema, tunturimaisema, levi, yll\u00e4s"},{"@type":"BreadcrumbList","@id":"https:\/\/holidayinlapland.fi\/en\/meista\/#breadcrumb","itemListElement":[{"@type":"ListItem","position":1,"name":"Home","item":"https:\/\/holidayinlapland.fi\/en\/"},{"@type":"ListItem","position":2,"name":"About us"}]},{"@type":"WebSite","@id":"https:\/\/holvol2.applari.fi\/#website","url":"https:\/\/holvol2.applari.fi\/","name":"Holiday In Lapland","description":"","publisher":{"@id":"https:\/\/holvol2.applari.fi\/#organization"},"potentialAction":[{"@type":"SearchAction","target":{"@type":"EntryPoint","urlTemplate":"https:\/\/holvol2.applari.fi\/?s={search_term_string}"},"query-input":{"@type":"PropertyValueSpecification","valueRequired":true,"valueName":"search_term_string"}}],"inLanguage":"en-US"},{"@type":"Organization","@id":"https:\/\/holvol2.applari.fi\/#organization","name":"Holiday In Lapland","url":"https:\/\/holvol2.applari.fi\/","logo":{"@type":"ImageObject","inLanguage":"en-US","@id":"https:\/\/holvol2.applari.fi\/#\/schema\/logo\/image\/","url":"https:\/\/holidayinlapland.fi\/wp-content\/uploads\/2025\/03\/loma-lapissa-logo.svg","contentUrl":"https:\/\/holidayinlapland.fi\/wp-content\/uploads\/2025\/03\/loma-lapissa-logo.svg","caption":"Holiday In Lapland"},"image":{"@id":"https:\/\/holvol2.applari.fi\/#\/schema\/logo\/image\/"}}]}},"_links":{"self":[{"href":"https:\/\/holidayinlapland.fi\/en\/wp-json\/wp\/v2\/pages\/6782","targetHints":{"allow":["GET"]}}],"collection":[{"href":"https:\/\/holidayinlapland.fi\/en\/wp-json\/wp\/v2\/pages"}],"about":[{"href":"https:\/\/holidayinlapland.fi\/en\/wp-json\/wp\/v2\/types\/page"}],"author":[{"embeddable":true,"href":"https:\/\/holidayinlapland.fi\/en\/wp-json\/wp\/v2\/users\/1"}],"replies":[{"embeddable":true,"href":"https:\/\/holidayinlapland.fi\/en\/wp-json\/wp\/v2\/comments?post=6782"}],"version-history":[{"count":8,"href":"https:\/\/holidayinlapland.fi\/en\/wp-json\/wp\/v2\/pages\/6782\/revisions"}],"predecessor-version":[{"id":8215,"href":"https:\/\/holidayinlapland.fi\/en\/wp-json\/wp\/v2\/pages\/6782\/revisions\/8215"}],"wp:featuredmedia":[{"embeddable":true,"href":"https:\/\/holidayinlapland.fi\/en\/wp-json\/wp\/v2\/media\/6581"}],"wp:attachment":[{"href":"https:\/\/holidayinlapland.fi\/en\/wp-json\/wp\/v2\/media?parent=6782"}],"curies":[{"name":"wp","href":"https:\/\/api.w.org\/{rel}","templated":true}]}}